{"id":2749,"date":"2024-08-10T17:43:16","date_gmt":"2024-08-10T10:43:16","guid":{"rendered":"https:\/\/lipo.com.vn\/san-pham-chi-tiet\/banh-trung-vi-dua\/"},"modified":"2024-08-10T17:43:16","modified_gmt":"2024-08-10T10:43:16","slug":"banh-trung-vi-dua","status":"publish","type":"product","link":"https:\/\/lipo.com.vn\/zh-hans\/san-pham-chi-tiet\/banh-trung-vi-dua\/","title":{"rendered":"B\u00e1nh tr\u1ee9ng v\u1ecb d\u1eeba"},"content":{"rendered":"<p>B\u00e1nh b\u00f4ng lan cu\u1ed9n Lipo \u0111\u01b0\u1ee3c Alphafood ch\u00ednh th\u1ee9c b\u00e1n ra th\u1ecb tr\u01b0\u1eddng t\u1eeb n\u0103m 2019 v\u1edbi ba h\u01b0\u01a1ng v\u1ecb ch\u1ee7 \u0111\u1ea1o: v\u1ecb S\u1eefa, v\u1ecb D\u00e2u, v\u1ecb L\u00e1 D\u1ee9a.<\/p>\n<p>S\u1ea3n ph\u1ea9m B\u00e1nh b\u00f4ng lan \u0111\u01b0\u1ee3c xu\u1ea5t kh\u1ea9u t\u1edbi m\u1ed9t s\u1ed1 n\u01b0\u1edbc nh\u01b0 Trung Qu\u1ed1c, H\u00e0n Qu\u1ed1c, Myanmar, Nh\u1eadt B\u1ea3n&#8230;<\/p>\n","protected":false},"excerpt":{"rendered":"<p>B\u00e1nh b\u00f4ng lan cu\u1ed9n Lipo \u0111\u01b0\u1ee3c Alphafood ch\u00ednh th\u1ee9c b\u00e1n ra th\u1ecb tr\u01b0\u1eddng t\u1eeb n\u0103m 2019 v\u1edbi ba h\u01b0\u01a1ng v\u1ecb ch\u1ee7 \u0111\u1ea1o: v\u1ecb S\u1eefa, v\u1ecb D\u00e2u, v\u1ecb L\u00e1 D\u1ee9a. S\u1ea3n ph\u1ea9m B\u00e1nh b\u00f4ng lan \u0111\u01b0\u1ee3c xu\u1ea5t kh\u1ea9u t\u1edbi m\u1ed9t s\u1ed1 n\u01b0\u1edbc nh\u01b0 Trung Qu\u1ed1c, H\u00e0n Qu\u1ed1c, Myanmar, Nh\u1eadt B\u1ea3n&#8230;<\/p>\n","protected":false},"author":1,"featured_media":2750,"parent":0,"comment_status":"open","ping_status":"closed","template":"","meta":{"inline_featured_image":false,"footnotes":""},"product_cat":[46],"class_list":["post-2749","product","type-product","status-publish","has-post-thumbnail","hentry","product_cat-banh-bong-lan-zh-hans"],"acf":[],"_links":{"self":[{"href":"https:\/\/lipo.com.vn\/zh-hans\/wp-json\/wp\/v2\/product\/2749","targetHints":{"allow":["GET"]}}],"collection":[{"href":"https:\/\/lipo.com.vn\/zh-hans\/wp-json\/wp\/v2\/product"}],"about":[{"href":"https:\/\/lipo.com.vn\/zh-hans\/wp-json\/wp\/v2\/types\/product"}],"author":[{"embeddable":true,"href":"https:\/\/lipo.com.vn\/zh-hans\/wp-json\/wp\/v2\/users\/1"}],"replies":[{"embeddable":true,"href":"https:\/\/lipo.com.vn\/zh-hans\/wp-json\/wp\/v2\/comments?post=2749"}],"version-history":[{"count":0,"href":"https:\/\/lipo.com.vn\/zh-hans\/wp-json\/wp\/v2\/product\/2749\/revisions"}],"wp:featuredmedia":[{"embeddable":true,"href":"https:\/\/lipo.com.vn\/zh-hans\/wp-json\/wp\/v2\/media\/2750"}],"wp:attachment":[{"href":"https:\/\/lipo.com.vn\/zh-hans\/wp-json\/wp\/v2\/media?parent=2749"}],"wp:term":[{"taxonomy":"product_cat","embeddable":true,"href":"https:\/\/lipo.com.vn\/zh-hans\/wp-json\/wp\/v2\/product_cat?post=2749"}],"curies":[{"name":"wp","href":"https:\/\/api.w.org\/{rel}","templated":true}]}}