{"id":2743,"date":"2024-08-10T17:43:30","date_gmt":"2024-08-10T10:43:30","guid":{"rendered":"https:\/\/lipo.com.vn\/san-pham-chi-tiet\/banh-trung-cao-cap-lipo-huong-sau-rieng\/"},"modified":"2024-08-10T17:43:30","modified_gmt":"2024-08-10T10:43:30","slug":"banh-trung-cao-cap-lipo-huong-sau-rieng","status":"publish","type":"product","link":"https:\/\/lipo.com.vn\/en\/san-pham-chi-tiet\/banh-trung-cao-cap-lipo-huong-sau-rieng\/","title":{"rendered":"B\u00e1nh tr\u1ee9ng v\u1ecb S\u1eefa Chua D\u00e2u"},"content":{"rendered":"<p>B\u00e1nh tr\u1ee9ng n\u01b0\u1edbng Lipo l\u00e0 s\u1ea3n ph\u1ea9m ch\u1ee7 l\u1ef1c c\u1ee7a Lipo, \u0111\u01b0\u1ee3c gi\u1edbi thi\u1ec7u ra th\u1ecb tr\u01b0\u1eddng v\u00e0o n\u0103m 2009 v\u1edbi d\u00e2y chuy\u1ec1n l\u1eafp r\u00e1p c\u00f4ng ngh\u1ec7 \u0111\u1ed9c quy\u1ec1n c\u1ee7a Ch\u00e2u \u00c2u. S\u1ea3n ph\u1ea9m \u0111\u01b0\u1ee3c l\u00e0m t\u1eeb 100% tr\u1ee9ng g\u00e0 t\u01b0\u01a1i v\u00e0 tu\u00e2n th\u1ee7 c\u00e1c ti\u00eau chu\u1ea9n cao.<\/p>\n<p>Ti\u00eau chu\u1ea9n &#8220;3 kh\u00f4ng&#8221;. <br \/>\n1. Kh\u00f4ng ch\u1ea5t b\u1ea3o qu\u1ea3n<br \/>\n2. Kh\u00f4ng m\u00e0u nh\u00e2n t\u1ea1o<br \/>\n3. Kh\u00f4ng ch\u1ea5t t\u1ea1o ng\u1ecdt t\u1ed5ng h\u1ee3p<\/p>\n","protected":false},"excerpt":{"rendered":"<p>B\u00e1nh tr\u1ee9ng n\u01b0\u1edbng Lipo l\u00e0 s\u1ea3n ph\u1ea9m ch\u1ee7 l\u1ef1c c\u1ee7a Lipo, \u0111\u01b0\u1ee3c gi\u1edbi thi\u1ec7u ra th\u1ecb tr\u01b0\u1eddng v\u00e0o n\u0103m 2009 v\u1edbi d\u00e2y chuy\u1ec1n l\u1eafp r\u00e1p c\u00f4ng ngh\u1ec7 \u0111\u1ed9c quy\u1ec1n c\u1ee7a Ch\u00e2u \u00c2u. S\u1ea3n ph\u1ea9m \u0111\u01b0\u1ee3c l\u00e0m t\u1eeb 100% tr\u1ee9ng g\u00e0 t\u01b0\u01a1i v\u00e0 tu\u00e2n th\u1ee7 c\u00e1c ti\u00eau chu\u1ea9n cao. Ti\u00eau chu\u1ea9n &#8220;3 kh\u00f4ng&#8221;. 1. Kh\u00f4ng ch\u1ea5t [&hellip;]<\/p>\n","protected":false},"author":2,"featured_media":2744,"parent":0,"comment_status":"open","ping_status":"closed","template":"","meta":{"inline_featured_image":false,"footnotes":""},"product_cat":[45],"class_list":["post-2743","product","type-product","status-publish","has-post-thumbnail","hentry","product_cat-banh-trung-en"],"acf":[],"_links":{"self":[{"href":"https:\/\/lipo.com.vn\/en\/wp-json\/wp\/v2\/product\/2743","targetHints":{"allow":["GET"]}}],"collection":[{"href":"https:\/\/lipo.com.vn\/en\/wp-json\/wp\/v2\/product"}],"about":[{"href":"https:\/\/lipo.com.vn\/en\/wp-json\/wp\/v2\/types\/product"}],"author":[{"embeddable":true,"href":"https:\/\/lipo.com.vn\/en\/wp-json\/wp\/v2\/users\/2"}],"replies":[{"embeddable":true,"href":"https:\/\/lipo.com.vn\/en\/wp-json\/wp\/v2\/comments?post=2743"}],"version-history":[{"count":0,"href":"https:\/\/lipo.com.vn\/en\/wp-json\/wp\/v2\/product\/2743\/revisions"}],"wp:featuredmedia":[{"embeddable":true,"href":"https:\/\/lipo.com.vn\/en\/wp-json\/wp\/v2\/media\/2744"}],"wp:attachment":[{"href":"https:\/\/lipo.com.vn\/en\/wp-json\/wp\/v2\/media?parent=2743"}],"wp:term":[{"taxonomy":"product_cat","embeddable":true,"href":"https:\/\/lipo.com.vn\/en\/wp-json\/wp\/v2\/product_cat?post=2743"}],"curies":[{"name":"wp","href":"https:\/\/api.w.org\/{rel}","templated":true}]}}