{"id":2687,"date":"2024-08-27T14:34:43","date_gmt":"2024-08-27T07:34:43","guid":{"rendered":"https:\/\/lipo.com.vn\/san-pham-chi-tiet\/banh-dua-nguyen-vi-copy\/"},"modified":"2024-08-27T14:34:43","modified_gmt":"2024-08-27T07:34:43","slug":"banh-dua-nguyen-vi-copy","status":"publish","type":"product","link":"https:\/\/lipo.com.vn\/en\/san-pham-chi-tiet\/banh-dua-nguyen-vi-copy\/","title":{"rendered":"B\u00e1nh d\u1eeba v\u1ecb m\u00e8"},"content":{"rendered":"<p>Lipo Coconut Crisps l\u00e0 s\u1ea3n ph\u1ea9m kh\u00f4ng ch\u1ee9a b\u1ed9t m\u00ec. S\u1ea3n ph\u1ea9m \u0111\u01b0\u1ee3c l\u00e0m t\u1eeb d\u1eeba t\u01b0\u01a1i c\u1ee7a Vi\u1ec7t Nam c\u00f9ng v\u1edbi h\u1ea1t g\u1ea1o, g\u1ea1o n\u1ebfp,<br \/>\nv\u1eebng, \u0111\u1eadu, v\u00e0 \u0111\u01b0\u1eddng,&#8230;<\/p>\n<p>S\u1ea3n ph\u1ea9m 100% t\u1eeb th\u1ef1c v\u1eadt nguy\u00ean ch\u1ea5t, v\u1edbi c\u00f4ng ngh\u1ec7 ch\u1ebf bi\u1ebfn hi\u1ec7n \u0111\u1ea1i, t\u1ea1o ra s\u1ea3n ph\u1ea9m c\u00f3 k\u1ebft c\u1ea5u si\u00eau m\u1ecfng, gi\u00f2n, gi\u00e0u ch\u1ea5t x\u01a1 &amp; kho\u00e1ng ch\u1ea5t, \u0111\u1eb7c bi\u1ec7t l\u00e0 &#8220;Kh\u00f4ng c\u00f3 ch\u1ea5t ph\u1ee5 gia th\u1ef1c ph\u1ea9m&#8221;<br \/>\nph\u00f9 h\u1ee3p v\u1edbi m\u1ecdi \u0111\u1ed1i t\u01b0\u1ee3ng kh\u00e1ch h\u00e0ng.<\/p>\n<p>S\u1ea3n ph\u1ea9m \u0111\u1eb7c s\u1ea3n t\u1eeb d\u1eeba r\u1ea5t \u0111\u01b0\u1ee3c du kh\u00e1ch v\u00e0 ng\u01b0\u1eddi Vi\u1ec7t Nam s\u1ed1ng \u1edf n\u01b0\u1edbc ngo\u00e0i \u01b0a chu\u1ed9ng.<\/p>\n","protected":false},"excerpt":{"rendered":"<p>Lipo Coconut Crisps l\u00e0 s\u1ea3n ph\u1ea9m kh\u00f4ng ch\u1ee9a b\u1ed9t m\u00ec. S\u1ea3n ph\u1ea9m \u0111\u01b0\u1ee3c l\u00e0m t\u1eeb d\u1eeba t\u01b0\u01a1i c\u1ee7a Vi\u1ec7t Nam c\u00f9ng v\u1edbi h\u1ea1t g\u1ea1o, g\u1ea1o n\u1ebfp, v\u1eebng, \u0111\u1eadu, v\u00e0 \u0111\u01b0\u1eddng,&#8230; S\u1ea3n ph\u1ea9m 100% t\u1eeb th\u1ef1c v\u1eadt nguy\u00ean ch\u1ea5t, v\u1edbi c\u00f4ng ngh\u1ec7 ch\u1ebf bi\u1ebfn hi\u1ec7n \u0111\u1ea1i, t\u1ea1o ra s\u1ea3n ph\u1ea9m c\u00f3 k\u1ebft c\u1ea5u si\u00eau m\u1ecfng, gi\u00f2n, [&hellip;]<\/p>\n","protected":false},"author":2,"featured_media":2688,"parent":0,"comment_status":"open","ping_status":"closed","template":"","meta":{"inline_featured_image":false,"footnotes":""},"product_cat":[43],"class_list":["post-2687","product","type-product","status-publish","has-post-thumbnail","hentry","product_cat-banh-dua-en"],"acf":[],"_links":{"self":[{"href":"https:\/\/lipo.com.vn\/en\/wp-json\/wp\/v2\/product\/2687","targetHints":{"allow":["GET"]}}],"collection":[{"href":"https:\/\/lipo.com.vn\/en\/wp-json\/wp\/v2\/product"}],"about":[{"href":"https:\/\/lipo.com.vn\/en\/wp-json\/wp\/v2\/types\/product"}],"author":[{"embeddable":true,"href":"https:\/\/lipo.com.vn\/en\/wp-json\/wp\/v2\/users\/2"}],"replies":[{"embeddable":true,"href":"https:\/\/lipo.com.vn\/en\/wp-json\/wp\/v2\/comments?post=2687"}],"version-history":[{"count":0,"href":"https:\/\/lipo.com.vn\/en\/wp-json\/wp\/v2\/product\/2687\/revisions"}],"wp:featuredmedia":[{"embeddable":true,"href":"https:\/\/lipo.com.vn\/en\/wp-json\/wp\/v2\/media\/2688"}],"wp:attachment":[{"href":"https:\/\/lipo.com.vn\/en\/wp-json\/wp\/v2\/media?parent=2687"}],"wp:term":[{"taxonomy":"product_cat","embeddable":true,"href":"https:\/\/lipo.com.vn\/en\/wp-json\/wp\/v2\/product_cat?post=2687"}],"curies":[{"name":"wp","href":"https:\/\/api.w.org\/{rel}","templated":true}]}}