{"id":2679,"date":"2024-08-27T14:48:26","date_gmt":"2024-08-27T07:48:26","guid":{"rendered":"https:\/\/lipo.com.vn\/san-pham-chi-tiet\/banh-gao-bo-nuong\/"},"modified":"2024-08-27T14:48:26","modified_gmt":"2024-08-27T07:48:26","slug":"banh-gao-bo-nuong","status":"publish","type":"product","link":"https:\/\/lipo.com.vn\/en\/san-pham-chi-tiet\/banh-gao-bo-nuong\/","title":{"rendered":"B\u00e1nh g\u1ea1o B\u00f2 n\u01b0\u1edbng"},"content":{"rendered":"<p>L\u00e0 m\u1ed9t nh\u00e0 xu\u1ea5t kh\u1ea9u t\u1ef1 h\u00e0o t\u1eeb m\u1ed9t trong nh\u1eefng qu\u1ed1c gia s\u1ea3n xu\u1ea5t g\u1ea1o h\u00e0ng \u0111\u1ea7u th\u1ebf gi\u1edbi, Lipo \u0111\u01b0\u1ee3c th\u00fac \u0111\u1ea9y b\u1edfi<br \/>\nni\u1ec1m \u0111am m\u00ea gi\u1edbi thi\u1ec7u s\u1ef1 xu\u1ea5t s\u1eafc c\u1ee7a ng\u00e0nh n\u00f4ng nghi\u1ec7p<br \/>\nVi\u1ec7t Nam. Ch\u00fang t\u00f4i gi\u1edbi thi\u1ec7u d\u00f2ng s\u1ea3n ph\u1ea9m B\u00e1nh g\u1ea1o<br \/>\n\u0111\u01b0\u1ee3c thi\u1ebft k\u1ebf ri\u00eang cho th\u1ecb tr\u01b0\u1eddng qu\u1ed1c t\u1ebf.<br \/>\nB\u00e1nh g\u1ea1o c\u1ee7a Lipo k\u1ebft h\u1ee3p c\u00f4ng th\u1ee9c truy\u1ec1n th\u1ed1ng v\u1edbi<br \/>\nh\u01b0\u01a1ng v\u1ecb \u0111\u01b0\u01a1ng \u0111\u1ea1i, mang \u0111\u1ebfn m\u1ed9t c\u1ea3m gi\u00e1c h\u01b0\u01a1ng v\u1ecb \u0111\u1ed9c \u0111\u00e1o. \u0110\u01b0\u1ee3c n\u01b0\u1edbng \u0111\u1ebfn \u0111\u1ed9 ho\u00e0n h\u1ea3o, nh\u1eefng chi\u1ebfc b\u00e1nh n\u00e0y v\u1eabn gi\u1eef \u0111\u01b0\u1ee3c h\u01b0\u01a1ng th\u01a1m \u0111\u1eb7c tr\u01b0ng v\u00e0 \u0111\u1ed9 gi\u00f2n c\u1ee7a g\u1ea1o.<\/p>\n<p>Trong cam k\u1ebft v\u1ec1 s\u1ef1 an to\u00e0n c\u1ee7a ng\u01b0\u1eddi ti\u00eau d\u00f9ng, Lipo kh\u00f4ng<br \/>\ns\u1eed d\u1ee5ng ch\u1ea5t ph\u1ee5 gia t\u1ed5ng h\u1ee3p, m\u00e0u nh\u00e2n t\u1ea1o v\u00e0<br \/>\ncholesterol trong th\u00e0nh ph\u1ea7n c\u1ee7a b\u00e1nh quy.<\/p>\n","protected":false},"excerpt":{"rendered":"<p>L\u00e0 m\u1ed9t nh\u00e0 xu\u1ea5t kh\u1ea9u t\u1ef1 h\u00e0o t\u1eeb m\u1ed9t trong nh\u1eefng qu\u1ed1c gia s\u1ea3n xu\u1ea5t g\u1ea1o h\u00e0ng \u0111\u1ea7u th\u1ebf gi\u1edbi, Lipo \u0111\u01b0\u1ee3c th\u00fac \u0111\u1ea9y b\u1edfi ni\u1ec1m \u0111am m\u00ea gi\u1edbi thi\u1ec7u s\u1ef1 xu\u1ea5t s\u1eafc c\u1ee7a ng\u00e0nh n\u00f4ng nghi\u1ec7p Vi\u1ec7t Nam. Ch\u00fang t\u00f4i gi\u1edbi thi\u1ec7u d\u00f2ng s\u1ea3n ph\u1ea9m B\u00e1nh g\u1ea1o \u0111\u01b0\u1ee3c thi\u1ebft k\u1ebf ri\u00eang cho th\u1ecb tr\u01b0\u1eddng [&hellip;]<\/p>\n","protected":false},"author":2,"featured_media":2680,"parent":0,"comment_status":"open","ping_status":"closed","template":"","meta":{"inline_featured_image":false,"footnotes":""},"product_cat":[41],"class_list":["post-2679","product","type-product","status-publish","has-post-thumbnail","hentry","product_cat-banh-gao-en"],"acf":[],"_links":{"self":[{"href":"https:\/\/lipo.com.vn\/en\/wp-json\/wp\/v2\/product\/2679","targetHints":{"allow":["GET"]}}],"collection":[{"href":"https:\/\/lipo.com.vn\/en\/wp-json\/wp\/v2\/product"}],"about":[{"href":"https:\/\/lipo.com.vn\/en\/wp-json\/wp\/v2\/types\/product"}],"author":[{"embeddable":true,"href":"https:\/\/lipo.com.vn\/en\/wp-json\/wp\/v2\/users\/2"}],"replies":[{"embeddable":true,"href":"https:\/\/lipo.com.vn\/en\/wp-json\/wp\/v2\/comments?post=2679"}],"version-history":[{"count":0,"href":"https:\/\/lipo.com.vn\/en\/wp-json\/wp\/v2\/product\/2679\/revisions"}],"wp:featuredmedia":[{"embeddable":true,"href":"https:\/\/lipo.com.vn\/en\/wp-json\/wp\/v2\/media\/2680"}],"wp:attachment":[{"href":"https:\/\/lipo.com.vn\/en\/wp-json\/wp\/v2\/media?parent=2679"}],"wp:term":[{"taxonomy":"product_cat","embeddable":true,"href":"https:\/\/lipo.com.vn\/en\/wp-json\/wp\/v2\/product_cat?post=2679"}],"curies":[{"name":"wp","href":"https:\/\/api.w.org\/{rel}","templated":true}]}}