{"id":2659,"date":"2024-08-27T23:33:07","date_gmt":"2024-08-27T16:33:07","guid":{"rendered":"https:\/\/lipo.com.vn\/san-pham-chi-tiet\/ngu-coc-lipo-granola-tao\/"},"modified":"2024-08-27T23:33:07","modified_gmt":"2024-08-27T16:33:07","slug":"ngu-coc-lipo-granola-tao","status":"publish","type":"product","link":"https:\/\/lipo.com.vn\/en\/san-pham-chi-tiet\/ngu-coc-lipo-granola-tao\/","title":{"rendered":"Granola T\u00e1o"},"content":{"rendered":"<p>N\u0103m 2022 \u0111\u00e1nh d\u1ea5u m\u1ed9t c\u1ed9t m\u1ed1c quan tr\u1ecdng khi Lipo ch\u00ednh th\u1ee9c ra m\u1eaft d\u00f2ng s\u1ea3n ph\u1ea9m m\u1edbi t\u1ea1i th\u1ecb tr\u01b0\u1eddng n\u1ed9i \u0111\u1ecba Vi\u1ec7t Nam Lipo Healthy Food.<\/p>\n<p>\nKhi s\u1ef1 quan t\u00e2m c\u1ee7a ng\u01b0\u1eddi ti\u00eau d\u00f9ng \u0111\u1ed1i v\u1edbi s\u1ee9c kh\u1ecfe ng\u00e0y c\u00e0ng t\u0103ng, s\u1ea3n ph\u1ea9m \u0111\u00e3 nh\u1eadn \u0111\u01b0\u1ee3c l\u1eddi khen ng\u1ee3i ngay l\u1eadp t\u1ee9c t\u1eeb<br \/>\nkh\u00e1ch h\u00e0ng \u0111\u1ecba ph\u01b0\u01a1ng v\u00e0 thu h\u00fat \u0111\u01a1n \u0111\u1eb7t h\u00e0ng t\u1eeb nhi\u1ec1u<br \/>\nqu\u1ed1c gia Ch\u00e2u \u00c1 bao g\u1ed3m Trung Qu\u1ed1c, Nh\u1eadt B\u1ea3n, Malaysia, Myanmar v\u00e0 L\u00e0o..<\/p>\n","protected":false},"excerpt":{"rendered":"<p>N\u0103m 2022 \u0111\u00e1nh d\u1ea5u m\u1ed9t c\u1ed9t m\u1ed1c quan tr\u1ecdng khi Lipo ch\u00ednh th\u1ee9c ra m\u1eaft d\u00f2ng s\u1ea3n ph\u1ea9m m\u1edbi t\u1ea1i th\u1ecb tr\u01b0\u1eddng n\u1ed9i \u0111\u1ecba Vi\u1ec7t Nam Lipo Healthy Food. Khi s\u1ef1 quan t\u00e2m c\u1ee7a ng\u01b0\u1eddi ti\u00eau d\u00f9ng \u0111\u1ed1i v\u1edbi s\u1ee9c kh\u1ecfe ng\u00e0y c\u00e0ng t\u0103ng, s\u1ea3n ph\u1ea9m \u0111\u00e3 nh\u1eadn \u0111\u01b0\u1ee3c l\u1eddi khen ng\u1ee3i ngay l\u1eadp t\u1ee9c [&hellip;]<\/p>\n","protected":false},"author":2,"featured_media":2660,"parent":0,"comment_status":"open","ping_status":"closed","template":"","meta":{"inline_featured_image":false,"footnotes":""},"product_cat":[39],"class_list":["post-2659","product","type-product","status-publish","has-post-thumbnail","hentry","product_cat-healthy-food-en"],"acf":[],"_links":{"self":[{"href":"https:\/\/lipo.com.vn\/en\/wp-json\/wp\/v2\/product\/2659","targetHints":{"allow":["GET"]}}],"collection":[{"href":"https:\/\/lipo.com.vn\/en\/wp-json\/wp\/v2\/product"}],"about":[{"href":"https:\/\/lipo.com.vn\/en\/wp-json\/wp\/v2\/types\/product"}],"author":[{"embeddable":true,"href":"https:\/\/lipo.com.vn\/en\/wp-json\/wp\/v2\/users\/2"}],"replies":[{"embeddable":true,"href":"https:\/\/lipo.com.vn\/en\/wp-json\/wp\/v2\/comments?post=2659"}],"version-history":[{"count":0,"href":"https:\/\/lipo.com.vn\/en\/wp-json\/wp\/v2\/product\/2659\/revisions"}],"wp:featuredmedia":[{"embeddable":true,"href":"https:\/\/lipo.com.vn\/en\/wp-json\/wp\/v2\/media\/2660"}],"wp:attachment":[{"href":"https:\/\/lipo.com.vn\/en\/wp-json\/wp\/v2\/media?parent=2659"}],"wp:term":[{"taxonomy":"product_cat","embeddable":true,"href":"https:\/\/lipo.com.vn\/en\/wp-json\/wp\/v2\/product_cat?post=2659"}],"curies":[{"name":"wp","href":"https:\/\/api.w.org\/{rel}","templated":true}]}}